{"id":2457,"date":"2021-06-22T20:41:32","date_gmt":"2021-06-22T20:41:32","guid":{"rendered":"https:\/\/archelix.de\/kontakt\/"},"modified":"2021-08-29T09:31:00","modified_gmt":"2021-08-29T09:31:00","slug":"contact","status":"publish","type":"page","link":"https:\/\/archelix.de\/en\/contact\/","title":{"rendered":"Contact"},"content":{"rendered":"\t\t<div data-elementor-type=\"wp-page\" data-elementor-id=\"2457\" class=\"elementor elementor-2457 elementor-1542\" data-elementor-settings=\"[]\">\n\t\t\t\t\t\t<div class=\"elementor-inner\">\n\t\t\t\t\t\t\t<div class=\"elementor-section-wrap\">\n\t\t\t\t\t\t\t<section data-particle_enable=\"false\" data-particle-mobile-disabled=\"false\" class=\"elementor-section elementor-top-section elementor-element elementor-element-934050c elementor-section-boxed elementor-section-height-default elementor-section-height-default\" data-id=\"934050c\" data-element_type=\"section\">\n\t\t\t\t\t\t<div class=\"elementor-container elementor-column-gap-default\">\n\t\t\t\t\t\t\t<div class=\"elementor-row\">\n\t\t\t\t\t<div class=\"elementor-column elementor-col-100 elementor-top-column elementor-element elementor-element-5e26d2b\" data-id=\"5e26d2b\" data-element_type=\"column\">\n\t\t\t<div class=\"elementor-column-wrap elementor-element-populated\">\n\t\t\t\t\t\t\t<div class=\"elementor-widget-wrap\">\n\t\t\t\t\t\t<div class=\"elementor-element elementor-element-4cff9d0 elementor-widget elementor-widget-spacer\" data-id=\"4cff9d0\" data-element_type=\"widget\" data-widget_type=\"spacer.default\">\n\t\t\t\t<div class=\"elementor-widget-container\">\n\t\t\t\t\t<div class=\"elementor-spacer\">\n\t\t\t<div class=\"elementor-spacer-inner\"><\/div>\n\t\t<\/div>\n\t\t\t\t<\/div>\n\t\t\t\t<\/div>\n\t\t\t\t\t\t<\/div>\n\t\t\t\t\t<\/div>\n\t\t<\/div>\n\t\t\t\t\t\t\t\t<\/div>\n\t\t\t\t\t<\/div>\n\t\t<\/section>\n\t\t\t\t<section data-particle_enable=\"false\" data-particle-mobile-disabled=\"false\" class=\"elementor-section elementor-top-section elementor-element elementor-element-8bd9aa6 elementor-section-boxed elementor-section-height-default elementor-section-height-default\" data-id=\"8bd9aa6\" data-element_type=\"section\">\n\t\t\t\t\t\t<div class=\"elementor-container elementor-column-gap-default\">\n\t\t\t\t\t\t\t<div class=\"elementor-row\">\n\t\t\t\t\t<div class=\"elementor-column elementor-col-50 elementor-top-column elementor-element elementor-element-b843986\" data-id=\"b843986\" data-element_type=\"column\">\n\t\t\t<div class=\"elementor-column-wrap elementor-element-populated\">\n\t\t\t\t\t\t\t<div class=\"elementor-widget-wrap\">\n\t\t\t\t\t\t<div class=\"elementor-element elementor-element-6100beb elementor-widget elementor-widget-contact-info\" data-id=\"6100beb\" data-element_type=\"widget\" data-widget_type=\"contact-info.default\">\n\t\t\t\t<div class=\"elementor-widget-container\">\n\t\t\t\t\t<div class=\"contact-info\">\n\t\t\t<div class=\"contact-info-inner\">\n\t\t\t\t\t\t\t\t \n\n\t\t\t\t<div class=\"contact-info-section\" style=\"background-image:url(https:\/\/archelix.de\/wp-content\/themes\/industroz\/assets\/images\/bg-map2.png);\">  \n\t\t\t\t\t\t\t\t\t\t\t<div class=\"wt-icon-box-wraper left m-b30\">\n\n\t\t\t\t\t\t\t<div class=\"icon-content\">\n\t\t\t\t\t\t\t\t<h3 class=\"m-t0 text-white\">Phone<\/h3>\n\t\t\t\t\t\t\t\t<p><a href=\"tel:+4923595639091\">+49 2359 563 90 91<\/a><\/p><p><a href=\"tel:+491639225523\">+49 163 9225523<\/a><\/p>\t\t\t\t\t\t\t<\/div>\n\t\t\t\t\t\t<\/div>\n\t\t\t\t\t\t\t\t\t\t\t\t<div class=\"wt-icon-box-wraper left m-b30\">\n\n\t\t\t\t\t\t\t<div class=\"icon-content\">\n\t\t\t\t\t\t\t\t<h3 class=\"m-t0 text-white\">Address<\/h3>\n\t\t\t\t\t\t\t\t<p class=\"land\">Nordrhein- Westfalen<\/p>\n<p>Thingslindestra\u00dfe 27<\/p>\n<p>58566 Kierspe<\/p>\n<p>&nbsp;<\/p>\n<p class=\"land\">Baden-W\u00fcrttemberg<\/p>\n<p>Tretenhofstra\u00dfe 6<\/p>\n<p>77690 Seelbach<\/p>\t\t\t\t\t\t\t<\/div>\n\t\t\t\t\t\t<\/div>\n\t\t\t\t\t\t\t\t\t\t\t\t<div class=\"wt-icon-box-wraper left \">\n\n\t\t\t\t\t\t\t<div class=\"icon-content\">\n\t\t\t\t\t\t\t\t<h3 class=\"m-t0 text-white\">Email<\/h3>\n\t\t\t\t\t\t\t\t<p><a href=\"mailto:info@archelix.de\">info@archelix.de<\/a><\/p>\t\t\t\t\t\t\t<\/div>\n\t\t\t\t\t\t<\/div>\n\t\t\t\t\t\t\t\t\t\t<\/div>\n\t\t\t<\/div>\n\t\t<\/div>\n\t\t\t\t<\/div>\n\t\t\t\t<\/div>\n\t\t\t\t\t\t<\/div>\n\t\t\t\t\t<\/div>\n\t\t<\/div>\n\t\t\t\t<div class=\"elementor-column elementor-col-50 elementor-top-column elementor-element elementor-element-d13a9bc\" data-id=\"d13a9bc\" data-element_type=\"column\">\n\t\t\t<div class=\"elementor-column-wrap elementor-element-populated\">\n\t\t\t\t\t\t\t<div class=\"elementor-widget-wrap\">\n\t\t\t\t\t\t<div class=\"elementor-element elementor-element-d1d7000 elementor-widget elementor-widget-eael-google-map\" data-id=\"d1d7000\" data-element_type=\"widget\" data-widget_type=\"eael-google-map.default\">\n\t\t\t\t<div class=\"elementor-widget-container\">\n\t\t\t\n\t\t\t\t\t<div class=\"eael-google-map eael-google-map-marker\" id=\"eael-google-map-d1d7000\" data-id=\"d1d7000\" data-map_type=\"marker\" data-map_lat=\"28.948790\" data-map_lng=\"-81.298843\" data-map_basic_marker_icon_enable=\"no\" data-map_basic_marker_icon_width=\"32\" data-map_basic_marker_icon_height=\"32\" data-map_zoom=\"6\" data-map_markers=\"%5B%7B%22eael_google_map_marker_title%22%3A%22Kierspe%22%2C%22_id%22%3A%2203eca5d%22%2C%22eael_google_map_marker_lat%22%3A%2251.12810137733915%22%2C%22eael_google_map_marker_lng%22%3A%227.600979998468966%22%2C%22eael_google_map_marker_content%22%3A%22Thingslindestra%5Cu00dfe+27%5Cn58566+Kierspe%22%2C%22eael_google_map_marker_icon_enable%22%3A%22%22%2C%22eael_google_map_marker_icon_color%22%3A%22%23e23a47%22%2C%22eael_google_map_marker_icon%22%3A%7B%22url%22%3A%22%22%2C%22id%22%3A%22%22%7D%2C%22eael_google_map_marker_icon_width%22%3A%2232%22%2C%22eael_google_map_marker_icon_height%22%3A%2232%22%7D%2C%7B%22_id%22%3A%2267a8a60%22%2C%22eael_google_map_marker_lat%22%3A%2248.30944228844159%22%2C%22eael_google_map_marker_lng%22%3A%227.940723969545894%22%2C%22eael_google_map_marker_title%22%3A%22Seelbach%22%2C%22eael_google_map_marker_content%22%3A%22Tretenhofstra%5Cu00dfe+6%5Cn77960+Seelbach%22%2C%22eael_google_map_marker_icon_color%22%3A%22%23e23a47%22%2C%22eael_google_map_marker_icon_enable%22%3A%22no%22%2C%22eael_google_map_marker_icon%22%3A%7B%22url%22%3A%22%22%2C%22id%22%3A%22%22%7D%2C%22eael_google_map_marker_icon_width%22%3A%2232%22%2C%22eael_google_map_marker_icon_height%22%3A%2232%22%7D%5D\" data-map_static_width=\"610\" data-map_static_height=\"300\" data-map_polylines=\"null\" data-map_stroke_color=\"#e23a47\" data-map_stroke_opacity=\"0.8\" data-map_stroke_weight=\"4\" data-map_stroke_fill_color=\"#e23a47\" data-map_stroke_fill_opacity=\"0.4\" data-map_theme=\"%22%5B%5D%22\" data-map_streeview_control=\"true\" data-map_type_control=\"true\" data-map_zoom_control=\"true\" data-map_fullscreen_control=\"false\" data-map_scroll_zoom=\"false\"><\/div>\n\t\t\t\t<div class=\"google-map-notice\"><\/div>\n\t\t<\/div>\n\t\t\t\t<\/div>\n\t\t\t\t\t\t<\/div>\n\t\t\t\t\t<\/div>\n\t\t<\/div>\n\t\t\t\t\t\t\t\t<\/div>\n\t\t\t\t\t<\/div>\n\t\t<\/section>\n\t\t\t\t<section data-particle_enable=\"false\" data-particle-mobile-disabled=\"false\" class=\"elementor-section elementor-top-section elementor-element elementor-element-2f64bf1 elementor-section-boxed elementor-section-height-default elementor-section-height-default\" data-id=\"2f64bf1\" data-element_type=\"section\" data-settings=\"{&quot;background_background&quot;:&quot;classic&quot;}\">\n\t\t\t\t\t\t<div class=\"elementor-container elementor-column-gap-default\">\n\t\t\t\t\t\t\t<div class=\"elementor-row\">\n\t\t\t\t\t<div class=\"elementor-column elementor-col-100 elementor-top-column elementor-element elementor-element-6e212c3\" data-id=\"6e212c3\" data-element_type=\"column\">\n\t\t\t<div class=\"elementor-column-wrap elementor-element-populated\">\n\t\t\t\t\t\t\t<div class=\"elementor-widget-wrap\">\n\t\t\t\t\t\t<div class=\"elementor-element elementor-element-e4eca9d elementor-widget elementor-widget-shortcode\" data-id=\"e4eca9d\" data-element_type=\"widget\" data-widget_type=\"shortcode.default\">\n\t\t\t\t<div class=\"elementor-widget-container\">\n\t\t\t\t\t<div class=\"elementor-shortcode\"><div role=\"form\" class=\"wpcf7\" id=\"wpcf7-f2844-o1\" lang=\"en-US\" dir=\"ltr\">\n<div class=\"screen-reader-response\"><p role=\"status\" aria-live=\"polite\" aria-atomic=\"true\"><\/p> <ul><\/ul><\/div>\n<form action=\"\/en\/wp-json\/wp\/v2\/pages\/2457#wpcf7-f2844-o1\" method=\"post\" class=\"wpcf7-form init\" novalidate=\"novalidate\" data-status=\"init\">\n<div style=\"display: none;\">\n<input type=\"hidden\" name=\"_wpcf7\" value=\"2844\" \/>\n<input type=\"hidden\" name=\"_wpcf7_version\" value=\"5.4.1\" \/>\n<input type=\"hidden\" name=\"_wpcf7_locale\" value=\"en_US\" \/>\n<input type=\"hidden\" name=\"_wpcf7_unit_tag\" value=\"wpcf7-f2844-o1\" \/>\n<input type=\"hidden\" name=\"_wpcf7_container_post\" value=\"0\" \/>\n<input type=\"hidden\" name=\"_wpcf7_posted_data_hash\" value=\"\" \/>\n<\/div>\n<div class=\"cons-contact-form-new\">\n<div class=\"section-head center wt-small-separator-outer text-center\">\n<div class=\"wt-small-separator site-text-primary\">\n<div class=\"sep-leaf-left\"><\/div>\n<div>Contact Form<\/div>\n<div class=\"sep-leaf-right\"><\/div>\n<\/div>\n<h2>Contact us!<\/h2>\n<\/div>\n<div class=\"row\">\n<div class=\"col-md-6 col-sm-6\">\n<div class=\"form-group\"> <span class=\"wpcf7-form-control-wrap text-981\"><input type=\"text\" name=\"text-981\" value=\"\" size=\"40\" class=\"wpcf7-form-control wpcf7-text wpcf7-validates-as-required form-control\" aria-required=\"true\" aria-invalid=\"false\" placeholder=\"Name\" \/><\/span><\/div>\n<\/div>\n<div class=\"col-md-6 col-sm-6\">\n<div class=\"form-group\"><span class=\"wpcf7-form-control-wrap email-54\"><input type=\"email\" name=\"email-54\" value=\"\" size=\"40\" class=\"wpcf7-form-control wpcf7-text wpcf7-email wpcf7-validates-as-required wpcf7-validates-as-email form-control\" aria-required=\"true\" aria-invalid=\"false\" placeholder=\"Email\" \/><\/span><\/div>\n<\/div>\n<div class=\"col-md-6 col-sm-6\">\n<div class=\"form-group\"><span class=\"wpcf7-form-control-wrap tel-67\"><input type=\"tel\" name=\"tel-67\" value=\"\" size=\"40\" class=\"wpcf7-form-control wpcf7-text wpcf7-tel wpcf7-validates-as-required wpcf7-validates-as-tel form-control\" aria-required=\"true\" aria-invalid=\"false\" placeholder=\"Phone\" \/><\/span><\/div>\n<\/div>\n<div class=\"col-md-6 col-sm-6\">\n<div class=\"form-group\"><span class=\"wpcf7-form-control-wrap text-401\"><input type=\"text\" name=\"text-401\" value=\"\" size=\"40\" class=\"wpcf7-form-control wpcf7-text wpcf7-validates-as-required form-control\" aria-required=\"true\" aria-invalid=\"false\" placeholder=\"Subject\" \/><\/span><\/div>\n<\/div>\n<div class=\"col-md-12\">\n<div class=\"form-group\"><span class=\"wpcf7-form-control-wrap textarea-782\"><textarea name=\"textarea-782\" cols=\"40\" rows=\"10\" class=\"wpcf7-form-control wpcf7-textarea form-control\" aria-invalid=\"false\" placeholder=\"Message\"><\/textarea><\/span><\/div>\n<\/div>\n<div class=\"col-md-12\"><button type=\"submit\" class=\"site-button site-btn-effect\">Send<\/button><\/div>\n<\/div>\n<\/div>\n<div class=\"wpcf7-response-output\" aria-hidden=\"true\"><\/div><\/form><\/div><\/div>\n\t\t\t\t<\/div>\n\t\t\t\t<\/div>\n\t\t\t\t\t\t<\/div>\n\t\t\t\t\t<\/div>\n\t\t<\/div>\n\t\t\t\t\t\t\t\t<\/div>\n\t\t\t\t\t<\/div>\n\t\t<\/section>\n\t\t\t\t\t\t<\/div>\n\t\t\t\t\t\t<\/div>\n\t\t\t\t\t<\/div>\n\t\t","protected":false},"excerpt":{"rendered":"<p>Phone +49 2359 563 90 91 +49 163 9225523 Address Nordrhein- Westfalen Thingslindestra\u00dfe 27 58566 Kierspe &nbsp; Baden-W\u00fcrttemberg Tretenhofstra\u00dfe 6 77690 Seelbach Email info@archelix.de<\/p>\n","protected":false},"author":2,"featured_media":0,"parent":0,"menu_order":0,"comment_status":"closed","ping_status":"closed","template":"","meta":[],"_links":{"self":[{"href":"https:\/\/archelix.de\/en\/wp-json\/wp\/v2\/pages\/2457"}],"collection":[{"href":"https:\/\/archelix.de\/en\/wp-json\/wp\/v2\/pages"}],"about":[{"href":"https:\/\/archelix.de\/en\/wp-json\/wp\/v2\/types\/page"}],"author":[{"embeddable":true,"href":"https:\/\/archelix.de\/en\/wp-json\/wp\/v2\/users\/2"}],"replies":[{"embeddable":true,"href":"https:\/\/archelix.de\/en\/wp-json\/wp\/v2\/comments?post=2457"}],"version-history":[{"count":68,"href":"https:\/\/archelix.de\/en\/wp-json\/wp\/v2\/pages\/2457\/revisions"}],"predecessor-version":[{"id":3105,"href":"https:\/\/archelix.de\/en\/wp-json\/wp\/v2\/pages\/2457\/revisions\/3105"}],"wp:attachment":[{"href":"https:\/\/archelix.de\/en\/wp-json\/wp\/v2\/media?parent=2457"}],"curies":[{"name":"wp","href":"https:\/\/api.w.org\/{rel}","templated":true}]}}